{"id":447,"date":"2019-08-23T09:53:25","date_gmt":"2019-08-23T07:53:25","guid":{"rendered":"https:\/\/sagisolymasz.hu\/?page_id=447"},"modified":"2024-07-12T17:38:30","modified_gmt":"2024-07-12T15:38:30","slug":"fooldal","status":"publish","type":"page","link":"https:\/\/sagisolymasz.hu\/en\/","title":{"rendered":"Home"},"content":{"rendered":"<p>[vc_row][vc_column][vc_column_text]<\/p>\n<h2 style=\"text-align: center;\">Welcome to the website of S\u00e1gi Solym\u00e1sz Hungarian Vizsla Kennel!<\/h2>\n<p>[\/vc_column_text][vc_column_text]<\/p>\n<p style=\"text-align: center;\"><span style=\"font-size: 14pt; color: #45462c;\">&#8220;The dog as we know it is a miracle of creation. And the Hungarian Vizsla is not simply a dog. His Vizsla !! An analogy of beauty, nobility, intelligence and overflowing love could be this word.&#8221;<\/span><\/p>\n<p>[\/vc_column_text][\/vc_column][\/vc_row][vc_row][vc_column][vc_column_text]<\/p>\n<p style=\"text-align: center;\"><span style=\"font-size: 14pt;\">I can help with the following::<\/span><\/p>\n<p>[\/vc_column_text][\/vc_column][\/vc_row][vc_row][vc_column width=&#8221;1\/2&#8243;][vc_message message_box_style=&#8221;outline&#8221; message_box_color=&#8221;chino&#8221;]<\/p>\n<h2 style=\"text-align: center;\">Hungarian Vizsla BREEDING<\/h2>\n<p style=\"text-align: center;\">Vizslas for sale are available in Gy\u0151r, Gy\u0151rs\u00e1g. Search with confidence.<\/p>\n<p>[\/vc_message][\/vc_column][vc_column width=&#8221;1\/2&#8243;][vc_message message_box_style=&#8221;outline&#8221; message_box_color=&#8221;chino&#8221;]<\/p>\n<h2 style=\"text-align: center;\">CATCHING THE PIGEON<\/h2>\n<p style=\"text-align: center;\">I undertake the capture of bird.<br \/>\nBird relief on demand.<\/p>\n<p>[\/vc_message][\/vc_column][\/vc_row][vc_row][vc_column width=&#8221;1\/2&#8243;][vc_message message_box_style=&#8221;outline&#8221; message_box_color=&#8221;chino&#8221;]<\/p>\n<h2 style=\"text-align: center;\">FALCONRY<\/h2>\n<p style=\"text-align: center;\">The animal is my everything. Interested in falconry? Come on, I&#8217;ll show you.<\/p>\n<p>[\/vc_message][\/vc_column][vc_column width=&#8221;1\/2&#8243;][vc_message message_box_style=&#8221;outline&#8221; message_box_color=&#8221;chino&#8221;]<\/p>\n<h2 style=\"text-align: center;\">HUNTING EXAM TRAINING<\/h2>\n<p style=\"text-align: center;\">I undertake to prepare dogs for the hunting exam.<\/p>\n<p>[\/vc_message][\/vc_column][\/vc_row][vc_row][vc_column][vc_empty_space][vc_column_text]<\/p>\n<blockquote>\n<p style=\"text-align: center;\">The S\u00e1gi Solym\u00e1sz Hungarian Vizsla Kennel is active in the breeding of Vizsla in Gy\u0151rs\u00e1g and its surroundings. We still deal with falcons. Dog breeding is not only a hobby but also a way of life. We are waiting for our interested clients and see our current litter range.<\/p>\n<\/blockquote>\n<p>[\/vc_column_text][vc_empty_space][vc_column_text]<img loading=\"lazy\" decoding=\"async\" class=\"aligncenter wp-image-366 size-full\" src=\"https:\/\/sagisolymasz.hu\/wp-content\/uploads\/2019\/05\/sagivizsla_logo_kutya_200_300dpi.png\" alt=\"\" width=\"200\" height=\"73\" \/>[\/vc_column_text][\/vc_column][\/vc_row]<\/p>\n","protected":false},"excerpt":{"rendered":"<p>[vc_row][vc_column][vc_column_text] Welcome to the website of S\u00e1gi Solym\u00e1sz Hungarian Vizsla Kennel! [\/vc_column_text][vc_column_text] &#8220;The dog as we know it is a miracle of creation. And the Hungarian Vizsla is not simply a dog. His Vizsla !! An analogy of beauty, nobility, intelligence and overflowing love could be this word.&#8221; [\/vc_column_text][\/vc_column][\/vc_row][vc_row][vc_column][vc_column_text] I can help with the following:: [&hellip;]<\/p>\n","protected":false},"author":2,"featured_media":0,"parent":0,"menu_order":0,"comment_status":"closed","ping_status":"closed","template":"","meta":{"footnotes":""},"class_list":["post-447","page","type-page","status-publish","hentry"],"_links":{"self":[{"href":"https:\/\/sagisolymasz.hu\/en\/wp-json\/wp\/v2\/pages\/447"}],"collection":[{"href":"https:\/\/sagisolymasz.hu\/en\/wp-json\/wp\/v2\/pages"}],"about":[{"href":"https:\/\/sagisolymasz.hu\/en\/wp-json\/wp\/v2\/types\/page"}],"author":[{"embeddable":true,"href":"https:\/\/sagisolymasz.hu\/en\/wp-json\/wp\/v2\/users\/2"}],"replies":[{"embeddable":true,"href":"https:\/\/sagisolymasz.hu\/en\/wp-json\/wp\/v2\/comments?post=447"}],"version-history":[{"count":8,"href":"https:\/\/sagisolymasz.hu\/en\/wp-json\/wp\/v2\/pages\/447\/revisions"}],"predecessor-version":[{"id":607,"href":"https:\/\/sagisolymasz.hu\/en\/wp-json\/wp\/v2\/pages\/447\/revisions\/607"}],"wp:attachment":[{"href":"https:\/\/sagisolymasz.hu\/en\/wp-json\/wp\/v2\/media?parent=447"}],"curies":[{"name":"wp","href":"https:\/\/api.w.org\/{rel}","templated":true}]}}