{"id":539,"date":"2019-08-23T10:52:03","date_gmt":"2019-08-23T08:52:03","guid":{"rendered":"https:\/\/sagisolymasz.hu\/?page_id=539"},"modified":"2019-08-29T13:43:18","modified_gmt":"2019-08-29T11:43:18","slug":"ungarische-vizsla","status":"publish","type":"page","link":"https:\/\/sagisolymasz.hu\/de\/ungarische-vizsla\/","title":{"rendered":"Ungarische Vizsla"},"content":{"rendered":"<p>[vc_row][vc_column][vc_column_text]<\/p>\n<h2 style=\"text-align: center;\">Die Bezeichnung des Kurzhaarigen Ungarischen Vorstehhundes<\/h2>\n<h3>Seine allgemeine Eigenschaften<\/h3>\n<p>Er ist ein mittelgro\u00dfer, kurzhaariger Jagdhund mit eleganter Erscheinung. Er hat einen grazi\u00f6sen, hageren Aufbau. Er spiegelt die Harmonie der Karft und der Sch\u00f6nheit. Er kann auch auf der Wiese, in der Wald und im Wasser jagen. Seine Charaktereigenschaften sind die ausgezeichnete Nase, das feste und fig\u00fcrliche Halten, die perfekte Neigung f\u00fcr das Mitbringen der Beute, die F\u00e4higkeit f\u00fcr die Nachfolge eines Teams, und die Liebe zum Wasser. Sein Charakter ist geweckt, freundlich, ausgegliechen und leicht zu lehren. Seine grundlegende Eigenschaft ist die F\u00e4higkeit f\u00fcr die hervorragende Kontaktpflege. Er ertr\u00e4gt das agressive Umgehen nur schwierig. Grunds\u00e4tzlich ist er nicht agressiv und nicht scheu. Obwohl er ein Jagdhund ist, hat er ein gro\u00dfes Bed\u00fcrfnis nach Bewegung. Er ist dank seinem Wesen auch in der Wohnung oder aus Liebhaberei j zu halten.<\/p>\n<h3>Der Kopf<\/h3>\n<p>Trocken, edler, proportioniert. Der Sch\u00e4der ist gem\u00e4\u00dfigt breit, leicht gew\u00f6lbt.  Das Sch\u00e4deldach wird von einer sachten Querlinie von dem mittelentwickelten Hinterhauptsbein bis zur Stirn gegabelt. Deren Fl\u00e4che bildet mit dem Nasenr\u00fccken einen Winkel von 30\u00b0. Der Stop ist gem\u00e4\u00dfigt. Der Nasenr\u00fccken ist aufgerichtet. Das Augengewolbe ist mittelentwickelt. Der Maul ist \u00e4hnlich zu einer W\u00f6lbung, nicht gespitzt, endet in einem entwickelten Nadenspiegel mit breiten Nasenl\u00f6cher. Der Fang ist proportioniert lang. Der Kiefer ist entwicklelt und muskul\u00f6s. Das Gebi\u00df ist stark, die Bei\u00dfz\u00e4hne schlie\u00dfen wie eine Sch\u00e4re. Die Lippen sind prall, h\u00e4ngen nicht herunter. Der Antlitzt ist intelligent. Die Augen sind leicht oval. Die Augenlider schlie\u00dfen gut. Die Farbe der Augen ist mit der Farbe der Behaarung in Einklang. Die Ohren sind mittellang. Sie decken die \u00d6ffnung der Ohren gut und enden in einer Gestalt V. Der Hals ist mittellang, muskul\u00f6s, leicht gew\u00f6lbt. Er schmiegt sich mittelhoch zum K\u00f6rper.<\/p>\n<h3>Die vorderen Gliedma\u00dfen<\/h3>\n<p>Die vorderen Gliedma\u00dfen sind aufgerichtet, haben einen starken Knochenbau mit geschlossenem Ellbogen. Es ist ideal, wenn die L\u00e4nge des Knochens des Oberarmes  mit der L\u00e4nge des Schulterblattes gleicht, und ihre Achsen einen Winkel von 90-100\u00b0 bilden. <\/p>\n<h3>Der K\u00f6rper<\/h3>\n<p>Er ist kr\u00e4ftig und proportionell,  ein bisschen l\u00e4nger als die Winderristh\u00f6he. Der Winderrist ist ganz muskul\u00f6s. Der R\u00fccken ist stramm und aufgerichtet. Die Lende ist kurz, breit und muskul\u00f6s. Das Ges\u00e4\u00df ist breit und ganz lang. Die Achse des Beckens  und die Achse des Oberschenkelbeines binden nahezu einen Winkel von 90-100\u00b0. Die Brust ist mittelbreit, tief und reicht bis zum Ellbogen.  Die Rippen sind gem\u00e4\u00dfigt gew\u00f6lbt. Der Bauch ist leicht hochgezogen. Die Schulder sind muskuli\u00f6s. Das Schulterblatt ist lang, verschwenkt und beweglich. Der Schwanz befindet sich ein bisschen tief, mitteldick und verj\u00fcnkt, reicht nahezu bis zum Fersenbein.<\/p>\n<h3>Die hinteren Gliedma\u00dfen<\/h3>\n<p>Die hinteren Beinen sind muskul\u00f6s, das Fersenbein befindet sich tief. Die Pranke ist leicht oval, geschlossen.  Die Zehen sind stark, die Fu\u00dfsohle ist hart. <\/p>\n<h3>Die Haut und die Behaarung<\/h3>\n<p>Die Haut ist prall, hat keine Falten. Sie hat viele Farbk\u00f6rper. Der Nasenspiegel ist fleischfarbig, die Lippen, das Augenlid und der Nagel ist braun. Die Fu\u00dfsohle ist grau. Die Behaarung ist kurz, aufgerichtet und rubbelig. Der Bauch ist leicht haarig, die Behaarung ist bei den Ohren seidig. Die Behaarung des Schwanzes ist l\u00e4nger. Ihre Farbe sind die T\u00f6nungen von Gelb. Es gibt wei\u00dfe Flecke auf der Brust und auf den Beinen. <\/p>\n<h3>Gr\u00f6\u00dfe<\/h3>\n<p>Das M\u00e4nnchen ist 58-64 cm,  das Weibchen ist 54-60 cm gro\u00df. Das statische und dynamische Gleichgewicht ist wichtiger als  die Gr\u00f6\u00dfe.<\/p>\n<h3>Die Bewegung<\/h3>\n<p>In der Arbeit ist die typische Gangart der gleichm\u00e4\u00dfige und ausdauernde Galopp. Beim Trab ist die Bewegung leicht, gleichm\u00e4\u00dfig und elegant. Von vorne und von hinten bewegen sich die Beine frei und leicht, ohne seitwerts zu schwingen. Der Ellbogen smiegt sich  fest an den K\u00f6rper. Die Achse der Beine weicht ein bisschen von der Paralle ab. Die Bewegung des K\u00f6rpers ist nicht z\u00fcngelnd. Die obere Linie ist horizontal.<\/p>\n<h3>Vorkommende Fehler<\/h3>\n<p>Diese Fehler beeinflussen die harmonische Bewegung nachteilig. Ein bedeutlicher Fehler ist die zu r\u00fcde oder zu feine Gestalt, die Abweichung von der durchschnittlichen Gr\u00f6\u00dfe, die Disproportionalit\u00e4t, der zu kleine oder zu gr\u00f6\u00dfe K\u00f6rperbau, und das zu gro\u00dfe Ges\u00e4\u00df. Die Fehler des Kopfes haben eine gro\u00dfe Bedeutung: disprolortionierter, zu breiter oder zu schmaler Sch\u00e4del, giebeliger oder hohlrunder Kopf, zu starke Stoplinie, Rammkopf. Bedeutsame Fehler sind die bammelde Lippen, lockere Kopfhaut, kleine, disproporrionierte Augen, b\u00f6sartiges Anlitz, zu gro\u00dfe oder zu kleine Ohren, unregelm\u00e4\u00dfiges Gebi\u00df. Der gesackte R\u00fccken, lockere, schwache Lende, schmales Becken, steiles Ges\u00e4\u00df, tiefe Brust, hochgezogener Bauch. Lockere, lange, Pranken, zu hoch gehaltener Schwanz. Die rare, zu kurze Behaarung. Die dunkelbraune, rote T\u00f6nungen. Die dunklere K\u00f6niglinie ist keinen bedeutenden Fehler. <\/p>\n<h3>Ausschlie\u00dfende Gr\u00fcnde<\/h3>\n<p>Die bedeutlichen Abweichungen zu den grunds\u00e4tzlichen Eigenschaften der Rasse sind ausschlie\u00dfende Gr\u00fcnde. Die Buntheit, die Fleckigkeit, der gr\u00f6\u00dfere Fleck auf der Brust, unregelm\u00e4\u00dfiger Sch\u00e4del. Helle, graue Augen. Ectropium, entropium. Starker Rammskopf, rosa, graue, schwarze oder fleckige Nase. H\u00e4ngende, geifernde Lippen. Scheues, schwaches Nervenkost\u00fcm, verborgener Hoden, falsche Bewegung. [\/vc_column_text][\/vc_column][\/vc_row]<\/p>\n","protected":false},"excerpt":{"rendered":"<p>[vc_row][vc_column][vc_column_text] Die Bezeichnung des Kurzhaarigen Ungarischen Vorstehhundes Seine allgemeine Eigenschaften Er ist ein mittelgro\u00dfer, kurzhaariger Jagdhund mit eleganter Erscheinung. Er hat einen grazi\u00f6sen, hageren Aufbau. Er spiegelt die Harmonie der Karft und der Sch\u00f6nheit. Er kann auch auf der Wiese, in der Wald und im Wasser jagen. Seine Charaktereigenschaften sind die ausgezeichnete Nase, das feste [&hellip;]<\/p>\n","protected":false},"author":2,"featured_media":0,"parent":0,"menu_order":0,"comment_status":"closed","ping_status":"closed","template":"","meta":{"footnotes":""},"class_list":["post-539","page","type-page","status-publish","hentry"],"_links":{"self":[{"href":"https:\/\/sagisolymasz.hu\/de\/wp-json\/wp\/v2\/pages\/539"}],"collection":[{"href":"https:\/\/sagisolymasz.hu\/de\/wp-json\/wp\/v2\/pages"}],"about":[{"href":"https:\/\/sagisolymasz.hu\/de\/wp-json\/wp\/v2\/types\/page"}],"author":[{"embeddable":true,"href":"https:\/\/sagisolymasz.hu\/de\/wp-json\/wp\/v2\/users\/2"}],"replies":[{"embeddable":true,"href":"https:\/\/sagisolymasz.hu\/de\/wp-json\/wp\/v2\/comments?post=539"}],"version-history":[{"count":4,"href":"https:\/\/sagisolymasz.hu\/de\/wp-json\/wp\/v2\/pages\/539\/revisions"}],"predecessor-version":[{"id":620,"href":"https:\/\/sagisolymasz.hu\/de\/wp-json\/wp\/v2\/pages\/539\/revisions\/620"}],"wp:attachment":[{"href":"https:\/\/sagisolymasz.hu\/de\/wp-json\/wp\/v2\/media?parent=539"}],"curies":[{"name":"wp","href":"https:\/\/api.w.org\/{rel}","templated":true}]}}