{"id":475,"date":"2019-08-23T10:05:46","date_gmt":"2019-08-23T08:05:46","guid":{"rendered":"https:\/\/sagisolymasz.hu\/?page_id=475"},"modified":"2019-08-23T10:42:19","modified_gmt":"2019-08-23T08:42:19","slug":"ueber-uns","status":"publish","type":"page","link":"https:\/\/sagisolymasz.hu\/de\/ueber-uns\/","title":{"rendered":"\u00dcber uns"},"content":{"rendered":"<p>[vc_row][vc_column][vc_column_text]<\/p>\n<h2 style=\"text-align: center;\">Herzlich Willkommen auf meinem Homepage!<\/h2>\n<p>[\/vc_column_text][\/vc_column][\/vc_row][vc_row][vc_column width=&#8220;1\/2&#8243;][vc_column_text]<\/p>\n<p style=\"text-align: justify;\">Ich heisse S\u00e1ndor P\u00e1kozdi, der Besitzer von S\u00e1gi Solym\u00e1sz Kennel. Wie hat es begonnen? Seit meiner Kindheit interessiere mich f\u00fcr die Tiere, f\u00fcr die Natur. Wir haben immer viele Tiere gehabt, da ich in einem Einfamilienhaus mit Garten auf dem Lande wohne und wir haben ja immer einen Hund gehabt.<\/p>\n<p>[\/vc_column_text][\/vc_column][vc_column width=&#8220;1\/2&#8243;][vc_column_text]<img loading=\"lazy\" decoding=\"async\" class=\"size-medium wp-image-79 aligncenter\" src=\"https:\/\/sagisolymasz.hu\/wp-content\/uploads\/2019\/05\/20110521182724_fenykep325-300x225.jpg\" alt=\"\" width=\"300\" height=\"225\" srcset=\"https:\/\/sagisolymasz.hu\/wp-content\/uploads\/2019\/05\/20110521182724_fenykep325-300x225.jpg 300w, https:\/\/sagisolymasz.hu\/wp-content\/uploads\/2019\/05\/20110521182724_fenykep325.jpg 640w\" sizes=\"(max-width: 300px) 100vw, 300px\" \/>[\/vc_column_text][\/vc_column][\/vc_row][vc_row][vc_column][vc_column_text]<\/p>\n<p style=\"text-align: justify;\">F\u00fcr die in der Umbebung verlassenen Hunde habe ich immer ein Heim , ein Zuhause gegeben und ich habe mich um sie gek\u00fcmmert. Seit meiner Kindheit interessiere ich mich f\u00fcr die Jagd. Wenn ich die Landschaft besucht habe, war ich immer begeistert, wenn ich ein Wildvogel getroffen habe. Ich habe mich bewundert, wie sch\u00f6n diese Vogel sind, was f\u00fcr Fahigkeiten sie beherschen. Und wie sie jagern. Ihr Leben hangt davon ab. Damals war noch sehr wenig von der Jagd mit Falken zu h\u00f6ren, aber ich habe mich entschlossen, zu erfahren, wie man ofiziell mit einem Falken auf die Jagd gehen kann.<\/p>\n<p>[\/vc_column_text][\/vc_column][\/vc_row][vc_row][vc_column width=&#8220;1\/2&#8243;][vc_column_text]<img loading=\"lazy\" decoding=\"async\" class=\"size-medium wp-image-82 aligncenter\" src=\"https:\/\/sagisolymasz.hu\/wp-content\/uploads\/2019\/05\/20120105111255_fenykep422-300x225.jpg\" alt=\"\" width=\"300\" height=\"225\" srcset=\"https:\/\/sagisolymasz.hu\/wp-content\/uploads\/2019\/05\/20120105111255_fenykep422-300x225.jpg 300w, https:\/\/sagisolymasz.hu\/wp-content\/uploads\/2019\/05\/20120105111255_fenykep422.jpg 640w\" sizes=\"(max-width: 300px) 100vw, 300px\" \/>[\/vc_column_text][\/vc_column][vc_column width=&#8220;1\/2&#8243;][vc_column_text]<\/p>\n<p style=\"text-align: justify;\">\u00a0Da zu einer Jagd notwendig ist, einen Jagdhund zu haben, habe ich mich entschieden, dass ich einen beherschen m\u00f6chte. Ich habe einen alten Bekannten gehabt, der regelmassig auf die Jagd geht, und er z\u00fcchtet Vizslas. Ich habe von ihm einen kurzhaarigen Ungarischen Vizsla gekauft. Sie ist Sipi Tordaszigeti, sie ist der Grund von S\u00e1gi Solym\u00e1sz Kenel, und sie ist heute auch ein aktiver Falgenjagdhund. Sipi habe ich wirklich nur f\u00fcr die Falkenjagde benutzt. Sipis Riechen ist besonders gut und sie steht die Wilden prima. So habe ich die Entscheidung getroffen Sipi mindestens einmal zu bespringen. Mir wurde ein Wizsla aus der Slowakei empfohlen, der einen sehr guten Ruf hat, er war Endo Zalaba.<\/p>\n<p>[\/vc_column_text][\/vc_column][\/vc_row][vc_row][vc_column][vc_column_text]<\/p>\n<p style=\"text-align: justify;\">\u00a0Von dieser Schwangerschaft sind Aga und Ancsa ( Fruzsi) auf die Welt gekommen. Fruzsi habe ich mir behalten, weil ihre ausgezeichneten Fahigkeiten sehr fr\u00fch aufgetaucht wurden. Und sie war immer sehr f\u00fcr die Jagd begeistert. Urspr\u00fcnglich wollte ich, dass Fruzsi auch ein Jagdhund wird. Wie man weiss, die Pr\u00fcfungen handeln sich um die Pr\u00fcfungen mit Gewehr , so haben wir die Jagde mit Gewhr besucht, um Erfahrungen zu sammeln.<\/p>\n<p>[\/vc_column_text][\/vc_column][\/vc_row][vc_row][vc_column][vc_column_text]<\/p>\n<p style=\"text-align: justify;\">\u00a0Damals ist es mir gelungen, zu einer Jagdgesellschaft in unserer Ungebung<br \/>\nals Mitglied anzuschliessen, die f\u00fcr mich sehr gute Herausforderungen versichert hatte, sowohl im Jagdgebiet als auch in den Wildtieren. Wir haben auch Enten an dem in unserem Gebiet liegenden See erzogen. Ancs hat an den Entejagden ausgezeichnet gearbeitet. Sie wurde von vielen meiner Bekannten bewundert und belobt. So habe ich mich entschlossen zu Ancsa noch besser alles beizubringen. Sie hat zuerst eine Grundstufenpr\u00fcfung ausgezeichnet abgelegt. Dort hat mir der eine Richter mitgeteilt, dass ich einen Talent beherrsche. Wir haben mit Ancsa den ganzen Herbst gejagt, sie hat wundersch\u00f6ne Leistungen gehabt. So habe ich am Ende des des Winters die entscheidung getroffen, da ich so gute Nachwuchse von Sipi habe, Sipi noch ein Mal bespringen zu lassen. Da der fr\u00fchere Vater nicht mehr zur Verf\u00fcgung stand, hatte ich einen anderen zu suchen. Ich habe dann wieder einen aus der Slowakei gewahlt. Er war Tiszotai Cumi ( Bety\u00e1r).<\/p>\n<p>[\/vc_column_text][vc_column_text]<\/p>\n<p style=\"text-align: justify;\">Von dieser Schwangerschaft sind Bety\u00e1r, Bogi, Bella begoren. Mit Bety\u00e1r geht man heute aktiv auf die Jagd und er ist der echte Liebling der Familie. Sein Besitzer ist mit ihm sehr zufrieden,\u00a0 weil er auf den Jagden bei seiner Arbeit viel hilft, viel erfolg bringt und ihm viel Freude macht. Bogi ist in der Mittelpunkt der Familie.\u00a0 Bella ist auch ein Liebling und sie nimmt an den Sch\u00f6nheitswettkampfen auch teil, mit immer mehr Erfolg. Da Ancsa ein ausgezeichneter Hund ist,\u00a0 habe ich sie auch Tiszotai Cumi bespringen lassen. Dann sind 6 Jungen und 4 Madchen auf die Welt gekommen. Von denen leben heute 3 Jungen und ein Madchen in Deutschland und drei von ihnen gehen aktiv auf die Jagd. Wer von mir einen Hund gekauft hat, halte ich mit ihm, mit ihr regelmassig Kontakt, und mittlerweile sind wir Freunde geworden. Ein Madchen, Cili habe ich meinem einen Freund geschenkt, da er keine Zeit f\u00fcr den Hund hatte, habe ich sie zu mir zur\u00fcckgenommen. Cili ist ein prima arbeitender Jagdhund sowohl im Wasser als auch auf der Wiese, das zeigen ihre Pr\u00fcfunsergebnisse auch. Mittlerweile hat Ancsa auch die \u00d6TV Pr\u00fcfung erfolgreich gemacht und hat auch an vielen Wettkampfen sowohl in Ungarn als auch in \u00d6sterreich ausgezeichnet teilgenommen.\u00a0 Sie hat von den Richtern sogar Belohnungen bekommen. Wie ich meine Hunde z\u00fcchte, ist f\u00fcr mich am wichtichsten, dass sie in der Arbeit die besten sind, da sie Jagdhunde sind, nicht wahr? Ich besuche oft die Arbeitshunde Wettkampfe, um dort viel zu lernen.\u00a0 Ich habe mit meinen Hunden nach den grossen Wilden auch gesucht, was ein wichtiger Teil der Jagd ist. Ich lasse meine Hunde standig lernen und \u00fcben. Ich versuche mit meinem Hunde das Beste zu erreichen, sie am besten zu erziehen, damit wir auf unsere ungarische Rasse stolz sein k\u00f6nnen. Es ist so angefangen und mit der Zeit ist es zu meiner Leidenschaft geworden, die Wizslas zu z\u00fcchten, was man nur mit Leidenschaft, vom Herzen richtig machen kann.<\/p>\n<p>[\/vc_column_text][\/vc_column][\/vc_row]<\/p>\n","protected":false},"excerpt":{"rendered":"<p>[vc_row][vc_column][vc_column_text] Herzlich Willkommen auf meinem Homepage! [\/vc_column_text][\/vc_column][\/vc_row][vc_row][vc_column width=&#8220;1\/2&#8243;][vc_column_text] Ich heisse S\u00e1ndor P\u00e1kozdi, der Besitzer von S\u00e1gi Solym\u00e1sz Kennel. Wie hat es begonnen? Seit meiner Kindheit interessiere mich f\u00fcr die Tiere, f\u00fcr die Natur. Wir haben immer viele Tiere gehabt, da ich in einem Einfamilienhaus mit Garten auf dem Lande wohne und wir haben ja immer [&hellip;]<\/p>\n","protected":false},"author":2,"featured_media":0,"parent":0,"menu_order":0,"comment_status":"closed","ping_status":"closed","template":"","meta":{"footnotes":""},"class_list":["post-475","page","type-page","status-publish","hentry"],"_links":{"self":[{"href":"https:\/\/sagisolymasz.hu\/de\/wp-json\/wp\/v2\/pages\/475"}],"collection":[{"href":"https:\/\/sagisolymasz.hu\/de\/wp-json\/wp\/v2\/pages"}],"about":[{"href":"https:\/\/sagisolymasz.hu\/de\/wp-json\/wp\/v2\/types\/page"}],"author":[{"embeddable":true,"href":"https:\/\/sagisolymasz.hu\/de\/wp-json\/wp\/v2\/users\/2"}],"replies":[{"embeddable":true,"href":"https:\/\/sagisolymasz.hu\/de\/wp-json\/wp\/v2\/comments?post=475"}],"version-history":[{"count":4,"href":"https:\/\/sagisolymasz.hu\/de\/wp-json\/wp\/v2\/pages\/475\/revisions"}],"predecessor-version":[{"id":517,"href":"https:\/\/sagisolymasz.hu\/de\/wp-json\/wp\/v2\/pages\/475\/revisions\/517"}],"wp:attachment":[{"href":"https:\/\/sagisolymasz.hu\/de\/wp-json\/wp\/v2\/media?parent=475"}],"curies":[{"name":"wp","href":"https:\/\/api.w.org\/{rel}","templated":true}]}}