{"id":451,"date":"2019-08-23T09:54:04","date_gmt":"2019-08-23T07:54:04","guid":{"rendered":"https:\/\/sagisolymasz.hu\/?page_id=451"},"modified":"2024-07-12T17:39:28","modified_gmt":"2024-07-12T15:39:28","slug":"fooldal","status":"publish","type":"page","link":"https:\/\/sagisolymasz.hu\/de\/","title":{"rendered":"Hauptseite"},"content":{"rendered":"<p>[vc_row][vc_column][vc_column_text]<\/p>\n<h2 style=\"text-align: center;\">Willkommen auf der Webseite von &#8222;S\u00e1gi Solym\u00e1sz Magyar Vizsla Kennel&#8220;!<\/h2>\n<p>[\/vc_column_text][vc_column_text]<\/p>\n<p style=\"text-align: center;\"><span style=\"font-size: 14pt; color: #45462c;\">&#8222;Wie wir wissen, ist der Hund ein Wunder der Sch\u00f6pfung, und der ungarische Vizsla ist nicht nur ein Hund. Sein Retriever !! Die Analogie von Sch\u00f6nheit, Adel, Intelligenz und \u00fcberfluteter Liebe kann dieses Wort sein.&#8220;<\/span><\/p>\n<p>[\/vc_column_text][\/vc_column][\/vc_row][vc_row][vc_column][vc_column_text]<\/p>\n<p style=\"text-align: center;\"><span style=\"font-size: 14pt;\">Meine Leistungen:<\/span><\/p>\n<p>[\/vc_column_text][\/vc_column][\/vc_row][vc_row][vc_column width=&#8220;1\/2&#8243;][vc_message message_box_style=&#8220;outline&#8220; message_box_color=&#8220;chino&#8220;]<\/p>\n<h2 style=\"text-align: center;\">BREEDING POINTER<\/h2>\n<p style=\"text-align: center;\">Vizslas zu verkaufen sind in Gy\u0151r, Gy\u0151rs\u00e1g. Suchen Sie mit Zuversicht.<\/p>\n<p>[\/vc_message][\/vc_column][vc_column width=&#8220;1\/2&#8243;][vc_message message_box_style=&#8220;outline&#8220; message_box_color=&#8220;chino&#8220;]<\/p>\n<h2 style=\"text-align: center;\"><span style=\"color: #000000;\">TAUBENALARM<\/span><\/h2>\n<p style=\"text-align: center;\">Vogelalarm auf Anfrage<\/p>\n<p>[\/vc_message][\/vc_column][\/vc_row][vc_row][vc_column width=&#8220;1\/2&#8243;][vc_message message_box_style=&#8220;outline&#8220; message_box_color=&#8220;chino&#8220;]<\/p>\n<h2 style=\"text-align: center;\">FALKNEREI<\/h2>\n<p style=\"text-align: center;\">Das Tier ist mein Alles. Interessiert an Falknerei? Komm schon, ich zeig es dir.<\/p>\n<p>[\/vc_message][\/vc_column][vc_column width=&#8220;1\/2&#8243;][vc_message message_box_style=&#8220;outline&#8220; message_box_color=&#8220;chino&#8220;]<\/p>\n<h2 style=\"text-align: center;\"><span style=\"color: #000000;\">\u00a0JAGDTRAINING F\u00dcR HUNDE<\/span><\/h2>\n<p style=\"text-align: center;\">Ich verpflichte mich, Hunde auf die Jagdpr\u00fcfung vorzubereiten.<\/p>\n<p>[\/vc_message][\/vc_column][\/vc_row][vc_row][vc_column][vc_empty_space][vc_column_text]<\/p>\n<blockquote>\n<p style=\"text-align: center;\">Der ungarische Vizsla-Zwinger S\u00e1gi Solym\u00e1sz ist in der Zucht von Vizsla in Gy\u0151rs\u00e1g und Umgebung t\u00e4tig. Wir haben es immer noch mit Falken zu tun. Hundezucht ist nicht nur ein Hobby, sondern auch eine Lebenseinstellung. Wir warten auf unsere interessierten Kunden und sehen unser aktuelles Wurfsortiment.<\/p>\n<\/blockquote>\n<p>[\/vc_column_text][vc_empty_space][vc_column_text]<img loading=\"lazy\" decoding=\"async\" class=\"aligncenter wp-image-366 size-full\" src=\"https:\/\/sagisolymasz.hu\/wp-content\/uploads\/2019\/05\/sagivizsla_logo_kutya_200_300dpi.png\" alt=\"\" width=\"200\" height=\"73\" \/>[\/vc_column_text][\/vc_column][\/vc_row]<\/p>\n","protected":false},"excerpt":{"rendered":"<p>[vc_row][vc_column][vc_column_text] Willkommen auf der Webseite von &#8222;S\u00e1gi Solym\u00e1sz Magyar Vizsla Kennel&#8220;! [\/vc_column_text][vc_column_text] &#8222;Wie wir wissen, ist der Hund ein Wunder der Sch\u00f6pfung, und der ungarische Vizsla ist nicht nur ein Hund. Sein Retriever !! Die Analogie von Sch\u00f6nheit, Adel, Intelligenz und \u00fcberfluteter Liebe kann dieses Wort sein.&#8220; [\/vc_column_text][\/vc_column][\/vc_row][vc_row][vc_column][vc_column_text] Meine Leistungen: [\/vc_column_text][\/vc_column][\/vc_row][vc_row][vc_column width=&#8220;1\/2&#8243;][vc_message message_box_style=&#8220;outline&#8220; message_box_color=&#8220;chino&#8220;] BREEDING [&hellip;]<\/p>\n","protected":false},"author":2,"featured_media":0,"parent":0,"menu_order":0,"comment_status":"closed","ping_status":"closed","template":"","meta":{"footnotes":""},"class_list":["post-451","page","type-page","status-publish","hentry"],"_links":{"self":[{"href":"https:\/\/sagisolymasz.hu\/de\/wp-json\/wp\/v2\/pages\/451"}],"collection":[{"href":"https:\/\/sagisolymasz.hu\/de\/wp-json\/wp\/v2\/pages"}],"about":[{"href":"https:\/\/sagisolymasz.hu\/de\/wp-json\/wp\/v2\/types\/page"}],"author":[{"embeddable":true,"href":"https:\/\/sagisolymasz.hu\/de\/wp-json\/wp\/v2\/users\/2"}],"replies":[{"embeddable":true,"href":"https:\/\/sagisolymasz.hu\/de\/wp-json\/wp\/v2\/comments?post=451"}],"version-history":[{"count":6,"href":"https:\/\/sagisolymasz.hu\/de\/wp-json\/wp\/v2\/pages\/451\/revisions"}],"predecessor-version":[{"id":609,"href":"https:\/\/sagisolymasz.hu\/de\/wp-json\/wp\/v2\/pages\/451\/revisions\/609"}],"wp:attachment":[{"href":"https:\/\/sagisolymasz.hu\/de\/wp-json\/wp\/v2\/media?parent=451"}],"curies":[{"name":"wp","href":"https:\/\/api.w.org\/{rel}","templated":true}]}}